{"id":10,"date":"2026-03-26T12:59:27","date_gmt":"2026-03-26T12:59:27","guid":{"rendered":"https:\/\/www.dirilisyem.com\/index.php\/cart\/"},"modified":"2026-03-26T12:59:27","modified_gmt":"2026-03-26T12:59:27","slug":"cart","status":"publish","type":"page","link":"http:\/\/www.dirilisyem.com\/index.php\/cart\/","title":{"rendered":"Cart"},"content":{"rendered":"\n<div data-block-name=\"woocommerce\/cart\" class=\"wp-block-woocommerce-cart alignwide is-loading\">\n<div data-block-name=\"woocommerce\/filled-cart-block\" class=\"wp-block-woocommerce-filled-cart-block\">\n<div data-block-name=\"woocommerce\/cart-items-block\" class=\"wp-block-woocommerce-cart-items-block\">\n<div data-block-name=\"woocommerce\/cart-line-items-block\" class=\"wp-block-woocommerce-cart-line-items-block\"><\/div>\n\n\n<\/div>\n\n\n\n\n<div data-block-name=\"woocommerce\/cart-totals-block\" class=\"wp-block-woocommerce-cart-totals-block\">\n<div data-block-name=\"woocommerce\/cart-order-summary-block\" class=\"wp-block-woocommerce-cart-order-summary-block\">\n<div data-block-name=\"woocommerce\/cart-order-summary-heading-block\" class=\"wp-block-woocommerce-cart-order-summary-heading-block\"><\/div><div data-block-name=\"woocommerce\/cart-order-summary-coupon-form-block\" class=\"wp-block-woocommerce-cart-order-summary-coupon-form-block\"><\/div><div data-block-name=\"woocommerce\/cart-order-summary-totals-block\" class=\"wp-block-woocommerce-cart-order-summary-totals-block\">\n<div data-block-name=\"woocommerce\/cart-order-summary-subtotal-block\" class=\"wp-block-woocommerce-cart-order-summary-subtotal-block\"><\/div>\n<div data-block-name=\"woocommerce\/cart-order-summary-discount-block\" class=\"wp-block-woocommerce-cart-order-summary-discount-block\"><\/div>\n<div data-block-name=\"woocommerce\/cart-order-summary-fee-block\" class=\"wp-block-woocommerce-cart-order-summary-fee-block\"><\/div>\n<div data-block-name=\"woocommerce\/cart-order-summary-shipping-block\" class=\"wp-block-woocommerce-cart-order-summary-shipping-block\"><\/div>\n<div data-block-name=\"woocommerce\/cart-order-summary-taxes-block\" class=\"wp-block-woocommerce-cart-order-summary-taxes-block\"><\/div><\/div>\n<\/div>\n\n\n\n<div data-block-name=\"woocommerce\/cart-express-payment-block\" class=\"wp-block-woocommerce-cart-express-payment-block\"><\/div>\n\n\n\n<div data-block-name=\"woocommerce\/proceed-to-checkout-block\" class=\"wp-block-woocommerce-proceed-to-checkout-block\"><\/div>\n\n\n\n<div data-block-name=\"woocommerce\/cart-accepted-payment-methods-block\" class=\"wp-block-woocommerce-cart-accepted-payment-methods-block\"><\/div>\n<\/div>\n<\/div>\n\n\n\n<div data-block-name=\"woocommerce\/empty-cart-block\" class=\"wp-block-woocommerce-empty-cart-block\">\n<h2 class=\"wp-block-heading has-text-align-center with-empty-cart-icon wc-block-cart__empty-cart__title\">Your cart is currently empty!<\/h2>\n\n\n\n<hr class=\"wp-block-separator has-alpha-channel-opacity is-style-dots\"\/>\n\n\n\n<h2 class=\"wp-block-heading has-text-align-center\">New in store<\/h2>\n\n\n<div data-block-name=\"woocommerce\/product-new\" data-columns=\"4\" data-rows=\"1\" class=\"wc-block-grid wp-block-product-new wp-block-woocommerce-product-new wc-block-product-new has-4-columns\"><ul class=\"wc-block-grid__products\"><li class=\"wc-block-grid__product\">\n\t\t\t\t<a href=\"http:\/\/www.dirilisyem.com\/index.php\/product\/deneme\/\" class=\"wc-block-grid__product-link\">\n\t\t\t\t\t<div class=\"wc-block-grid__product-onsale\">\n\t\t\t<span aria-hidden=\"true\">\u0130ndirim<\/span>\n\t\t\t<span class=\"screen-reader-text\">\u0130ndirimdeki \u00fcr\u00fcn<\/span>\n\t\t<\/div>\n\t\t\t\t\t<div class=\"wc-block-grid__product-image\"><img fetchpriority=\"high\" decoding=\"async\" width=\"300\" height=\"300\" src=\"http:\/\/www.dirilisyem.com\/wp-content\/uploads\/woocommerce-placeholder-300x300.webp\" class=\"woocommerce-placeholder wp-post-image\" alt=\"\" srcset=\"http:\/\/www.dirilisyem.com\/wp-content\/uploads\/woocommerce-placeholder-300x300.webp 300w, http:\/\/www.dirilisyem.com\/wp-content\/uploads\/woocommerce-placeholder-410x410.webp 410w, http:\/\/www.dirilisyem.com\/wp-content\/uploads\/woocommerce-placeholder-600x600.webp 600w, http:\/\/www.dirilisyem.com\/wp-content\/uploads\/woocommerce-placeholder-1024x1024.webp 1024w, http:\/\/www.dirilisyem.com\/wp-content\/uploads\/woocommerce-placeholder-150x150.webp 150w, http:\/\/www.dirilisyem.com\/wp-content\/uploads\/woocommerce-placeholder-768x768.webp 768w, http:\/\/www.dirilisyem.com\/wp-content\/uploads\/woocommerce-placeholder-850x850.webp 850w, http:\/\/www.dirilisyem.com\/wp-content\/uploads\/woocommerce-placeholder-100x100.webp 100w, http:\/\/www.dirilisyem.com\/wp-content\/uploads\/woocommerce-placeholder.webp 1200w\" sizes=\"(max-width: 300px) 100vw, 300px\" \/><\/div>\n\t\t\t\t\t<div class=\"wc-block-grid__product-title\">Deneme<\/div>\n\t\t\t\t<\/a>\n\t\t\t\t<div class=\"wc-block-grid__product-price price\"><del aria-hidden=\"true\"><span class=\"woocommerce-Price-amount amount\"><span class=\"woocommerce-Price-currencySymbol\">&#8378;<\/span>10,00<\/span><\/del> <span class=\"screen-reader-text\">Orijinal fiyat: &#8378;10,00.<\/span><ins aria-hidden=\"true\"><span class=\"woocommerce-Price-amount amount\"><span class=\"woocommerce-Price-currencySymbol\">&#8378;<\/span>5,00<\/span><\/ins><span class=\"screen-reader-text\">\u015eu andaki fiyat: &#8378;5,00.<\/span><\/div>\n\t\t\t\t\n\t\t\t\t<div class=\"wp-block-button wc-block-grid__product-add-to-cart\"><a href=\"http:\/\/www.dirilisyem.com\/index.php\/product\/deneme\/\" aria-label=\"&ldquo;Deneme&rdquo; hakk\u0131nda daha fazla bilgi edinin\" data-quantity=\"1\" data-product_id=\"9599\" data-product_sku=\"\" data-price=\"5\" rel=\"nofollow\" class=\"wp-block-button__link  add_to_cart_button\">Devam\u0131n\u0131 oku<\/a><\/div>\n\t\t\t\t<a\r\n\t\thref=\"http:\/\/www.dirilisyem.com?action=yith-woocompare-add-product&#038;id=9599\"\r\n\t\tclass=\"compare button  \"\r\n\t\tdata-product_id=\"9599\"\r\n\t\ttarget=\"_self\"\r\n\t\trel=\"nofollow\"\r\n\t>\r\n\t\t\t\t<span class=\"label\">\r\n\t\t\tCompare\t\t<\/span>\r\n\t<\/a>\r\n<\/li><li class=\"wc-block-grid__product\">\n\t\t\t\t<a href=\"http:\/\/www.dirilisyem.com\/index.php\/product\/dirilis-sevk\/\" class=\"wc-block-grid__product-link\">\n\t\t\t\t\t\n\t\t\t\t\t<div class=\"wc-block-grid__product-image\"><img decoding=\"async\" width=\"300\" height=\"300\" src=\"http:\/\/www.dirilisyem.com\/wp-content\/uploads\/2026\/04\/DIRILIS-SEVK-300x300.png\" class=\"attachment-woocommerce_thumbnail size-woocommerce_thumbnail\" alt=\"Dirili\u015f \u015eevk\" srcset=\"http:\/\/www.dirilisyem.com\/wp-content\/uploads\/2026\/04\/DIRILIS-SEVK-300x300.png 300w, http:\/\/www.dirilisyem.com\/wp-content\/uploads\/2026\/04\/DIRILIS-SEVK-150x150.png 150w, http:\/\/www.dirilisyem.com\/wp-content\/uploads\/2026\/04\/DIRILIS-SEVK-410x410.png 410w, http:\/\/www.dirilisyem.com\/wp-content\/uploads\/2026\/04\/DIRILIS-SEVK-100x100.png 100w, http:\/\/www.dirilisyem.com\/wp-content\/uploads\/2026\/04\/DIRILIS-SEVK.png 500w\" sizes=\"(max-width: 300px) 100vw, 300px\" \/><\/div>\n\t\t\t\t\t<div class=\"wc-block-grid__product-title\">Dirili\u015f \u015eevk<\/div>\n\t\t\t\t<\/a>\n\t\t\t\t<div class=\"wc-block-grid__product-price price\"><span class=\"woocommerce-Price-amount amount\"><span class=\"woocommerce-Price-currencySymbol\">&#8378;<\/span>350,00<\/span><\/div>\n\t\t\t\t\n\t\t\t\t<div class=\"wp-block-button wc-block-grid__product-add-to-cart\"><a href=\"\/index.php\/wp-json\/wp\/v2\/pages\/10?add-to-cart=9295\" aria-label=\"Sepete ekle: \u201cDirili\u015f \u015eevk\u201d\" data-quantity=\"1\" data-product_id=\"9295\" data-product_sku=\"\" data-price=\"350\" rel=\"nofollow\" class=\"wp-block-button__link  add_to_cart_button ajax_add_to_cart\">Sepete Ekle<\/a><\/div>\n\t\t\t\t<a\r\n\t\thref=\"http:\/\/www.dirilisyem.com?action=yith-woocompare-add-product&#038;id=9295\"\r\n\t\tclass=\"compare button  \"\r\n\t\tdata-product_id=\"9295\"\r\n\t\ttarget=\"_self\"\r\n\t\trel=\"nofollow\"\r\n\t>\r\n\t\t\t\t<span class=\"label\">\r\n\t\t\tCompare\t\t<\/span>\r\n\t<\/a>\r\n<\/li><li class=\"wc-block-grid__product\">\n\t\t\t\t<a href=\"http:\/\/www.dirilisyem.com\/index.php\/product\/dirilis-sacc\/\" class=\"wc-block-grid__product-link\">\n\t\t\t\t\t\n\t\t\t\t\t<div class=\"wc-block-grid__product-image\"><img decoding=\"async\" width=\"300\" height=\"300\" src=\"http:\/\/www.dirilisyem.com\/wp-content\/uploads\/2026\/04\/DIRISI-SAC-300x300.png\" class=\"attachment-woocommerce_thumbnail size-woocommerce_thumbnail\" alt=\"Dirili\u015f Sacc\" srcset=\"http:\/\/www.dirilisyem.com\/wp-content\/uploads\/2026\/04\/DIRISI-SAC-300x300.png 300w, http:\/\/www.dirilisyem.com\/wp-content\/uploads\/2026\/04\/DIRISI-SAC-150x150.png 150w, http:\/\/www.dirilisyem.com\/wp-content\/uploads\/2026\/04\/DIRISI-SAC-410x410.png 410w, http:\/\/www.dirilisyem.com\/wp-content\/uploads\/2026\/04\/DIRISI-SAC-100x100.png 100w, http:\/\/www.dirilisyem.com\/wp-content\/uploads\/2026\/04\/DIRISI-SAC.png 500w\" sizes=\"(max-width: 300px) 100vw, 300px\" \/><\/div>\n\t\t\t\t\t<div class=\"wc-block-grid__product-title\">Dirili\u015f Sacc<\/div>\n\t\t\t\t<\/a>\n\t\t\t\t<div class=\"wc-block-grid__product-price price\"><span class=\"woocommerce-Price-amount amount\"><span class=\"woocommerce-Price-currencySymbol\">&#8378;<\/span>2.500,00<\/span><\/div>\n\t\t\t\t\n\t\t\t\t<div class=\"wp-block-button wc-block-grid__product-add-to-cart\"><a href=\"\/index.php\/wp-json\/wp\/v2\/pages\/10?add-to-cart=9292\" aria-label=\"Sepete ekle: \u201cDirili\u015f Sacc\u201d\" data-quantity=\"1\" data-product_id=\"9292\" data-product_sku=\"\" data-price=\"2500\" rel=\"nofollow\" class=\"wp-block-button__link  add_to_cart_button ajax_add_to_cart\">Sepete Ekle<\/a><\/div>\n\t\t\t\t<a\r\n\t\thref=\"http:\/\/www.dirilisyem.com?action=yith-woocompare-add-product&#038;id=9292\"\r\n\t\tclass=\"compare button  \"\r\n\t\tdata-product_id=\"9292\"\r\n\t\ttarget=\"_self\"\r\n\t\trel=\"nofollow\"\r\n\t>\r\n\t\t\t\t<span class=\"label\">\r\n\t\t\tCompare\t\t<\/span>\r\n\t<\/a>\r\n<\/li><li class=\"wc-block-grid__product\">\n\t\t\t\t<a href=\"http:\/\/www.dirilisyem.com\/index.php\/product\/dirilis-pro\/\" class=\"wc-block-grid__product-link\">\n\t\t\t\t\t\n\t\t\t\t\t<div class=\"wc-block-grid__product-image\"><img loading=\"lazy\" decoding=\"async\" width=\"300\" height=\"300\" src=\"http:\/\/www.dirilisyem.com\/wp-content\/uploads\/2026\/04\/DIRILIS-PRO-300x300.png\" class=\"attachment-woocommerce_thumbnail size-woocommerce_thumbnail\" alt=\"Dirili\u015f Pro\" srcset=\"http:\/\/www.dirilisyem.com\/wp-content\/uploads\/2026\/04\/DIRILIS-PRO-300x300.png 300w, http:\/\/www.dirilisyem.com\/wp-content\/uploads\/2026\/04\/DIRILIS-PRO-150x150.png 150w, http:\/\/www.dirilisyem.com\/wp-content\/uploads\/2026\/04\/DIRILIS-PRO-410x410.png 410w, http:\/\/www.dirilisyem.com\/wp-content\/uploads\/2026\/04\/DIRILIS-PRO-100x100.png 100w, http:\/\/www.dirilisyem.com\/wp-content\/uploads\/2026\/04\/DIRILIS-PRO.png 500w\" sizes=\"(max-width: 300px) 100vw, 300px\" \/><\/div>\n\t\t\t\t\t<div class=\"wc-block-grid__product-title\">Dirili\u015f Pro<\/div>\n\t\t\t\t<\/a>\n\t\t\t\t<div class=\"wc-block-grid__product-price price\"><span class=\"woocommerce-Price-amount amount\"><span class=\"woocommerce-Price-currencySymbol\">&#8378;<\/span>1.300,00<\/span><\/div>\n\t\t\t\t\n\t\t\t\t<div class=\"wp-block-button wc-block-grid__product-add-to-cart\"><a href=\"\/index.php\/wp-json\/wp\/v2\/pages\/10?add-to-cart=9289\" aria-label=\"Sepete ekle: \u201cDirili\u015f Pro\u201d\" data-quantity=\"1\" data-product_id=\"9289\" data-product_sku=\"\" data-price=\"1300\" rel=\"nofollow\" class=\"wp-block-button__link  add_to_cart_button ajax_add_to_cart\">Sepete Ekle<\/a><\/div>\n\t\t\t\t<a\r\n\t\thref=\"http:\/\/www.dirilisyem.com?action=yith-woocompare-add-product&#038;id=9289\"\r\n\t\tclass=\"compare button  \"\r\n\t\tdata-product_id=\"9289\"\r\n\t\ttarget=\"_self\"\r\n\t\trel=\"nofollow\"\r\n\t>\r\n\t\t\t\t<span class=\"label\">\r\n\t\t\tCompare\t\t<\/span>\r\n\t<\/a>\r\n<\/li><\/ul><\/div><\/div>\n<\/div>\n","protected":false},"excerpt":{"rendered":"","protected":false},"author":1,"featured_media":0,"parent":0,"menu_order":0,"comment_status":"closed","ping_status":"closed","template":"","meta":{"footnotes":""},"class_list":["post-10","page","type-page","status-publish","hentry"],"_links":{"self":[{"href":"http:\/\/www.dirilisyem.com\/index.php\/wp-json\/wp\/v2\/pages\/10","targetHints":{"allow":["GET"]}}],"collection":[{"href":"http:\/\/www.dirilisyem.com\/index.php\/wp-json\/wp\/v2\/pages"}],"about":[{"href":"http:\/\/www.dirilisyem.com\/index.php\/wp-json\/wp\/v2\/types\/page"}],"author":[{"embeddable":true,"href":"http:\/\/www.dirilisyem.com\/index.php\/wp-json\/wp\/v2\/users\/1"}],"replies":[{"embeddable":true,"href":"http:\/\/www.dirilisyem.com\/index.php\/wp-json\/wp\/v2\/comments?post=10"}],"version-history":[{"count":0,"href":"http:\/\/www.dirilisyem.com\/index.php\/wp-json\/wp\/v2\/pages\/10\/revisions"}],"wp:attachment":[{"href":"http:\/\/www.dirilisyem.com\/index.php\/wp-json\/wp\/v2\/media?parent=10"}],"curies":[{"name":"wp","href":"https:\/\/api.w.org\/{rel}","templated":true}]}}