{"id":91,"date":"2021-02-27T15:21:49","date_gmt":"2021-02-27T15:21:49","guid":{"rendered":"http:\/\/mygoalthemes.com\/demo\/medil\/?page_id=91"},"modified":"2026-04-11T12:17:59","modified_gmt":"2026-04-11T12:17:59","slug":"about","status":"publish","type":"page","link":"http:\/\/www.dirilisyem.com\/index.php\/about\/","title":{"rendered":"Hakk\u0131m\u0131zda"},"content":{"rendered":"\t\t<div data-elementor-type=\"wp-page\" data-elementor-id=\"91\" class=\"elementor elementor-91\">\n\t\t\t\t\t\t<section class=\"elementor-section elementor-top-section elementor-element elementor-element-3812f07 elementor-section-boxed elementor-section-height-default elementor-section-height-default\" data-id=\"3812f07\" data-element_type=\"section\" data-e-type=\"section\">\n\t\t\t\t\t\t<div class=\"elementor-container elementor-column-gap-default\">\n\t\t\t\t\t<div class=\"elementor-column elementor-col-100 elementor-top-column elementor-element elementor-element-a62b614\" data-id=\"a62b614\" data-element_type=\"column\" data-e-type=\"column\">\n\t\t\t<div class=\"elementor-widget-wrap elementor-element-populated\">\n\t\t\t\t\t\t<div class=\"elementor-element elementor-element-c866c29 elementor-widget elementor-widget-heading\" data-id=\"c866c29\" data-element_type=\"widget\" data-e-type=\"widget\" data-widget_type=\"heading.default\">\n\t\t\t\t\t<h2 class=\"elementor-heading-title elementor-size-default\">Hakk\u0131m\u0131zda<\/h2>\t\t\t\t<\/div>\n\t\t\t\t\t<\/div>\n\t\t<\/div>\n\t\t\t\t\t<\/div>\n\t\t<\/section>\n\t\t<div class=\"elementor-element elementor-element-dcefbb5 e-flex e-con-boxed e-con e-parent\" data-id=\"dcefbb5\" data-element_type=\"container\" data-e-type=\"container\">\n\t\t\t\t\t<div class=\"e-con-inner\">\n\t\t<div class=\"elementor-element elementor-element-8428684 e-con-full e-flex e-con e-child\" data-id=\"8428684\" data-element_type=\"container\" data-e-type=\"container\">\n\t\t\t\t<div class=\"elementor-element elementor-element-7bf0644 elementor-widget elementor-widget-text-editor\" data-id=\"7bf0644\" data-element_type=\"widget\" data-e-type=\"widget\" data-widget_type=\"text-editor.default\">\n\t\t\t\t\t\t\t\t\t<p>Dirili\u015f Yem Katk\u0131 Maddeleri, 2021 y\u0131l\u0131nda Ankara\u2019da kurulmu\u015ftur.<br \/>Kurulu\u015fundan bu g\u00fcne spesifik \u00fcr\u00fcnler \u00e7\u0131kararak piyasaya y\u00f6n vermek amac\u0131yla kurulup bu hedefinden hi\u00e7 sapmayarak devam etmektedir.<\/p><p>Yem katk\u0131 sekt\u00f6r\u00fcnde yeni \u00fcr\u00fcnler \u00fcreterek T\u00fcrk \u00e7ift\u00e7isininin d\u00fc\u015f\u00fck maliyetlerle daha iyi sonu\u00e7lar almas\u0131n\u0131 hedeflemi\u015ftir.<\/p><p>\u00dcr\u00fcnlerimiz tamamlay\u0131c\u0131 yem, klinik \u00fcr\u00fcnleri vb. \u00fcr\u00fcnlerden olu\u015fmaktad\u0131r.<\/p><p>\u0130lerleyen s\u00fcre\u00e7lerde \u00fcr\u00fcn \u00e7e\u015fitlili\u011fimizi koydu\u011fumuz hedef do\u011frultusunda sekt\u00f6r\u00fcn en yeni ve teknolojilerini takip ederek, alan\u0131nda uzman veteriner ve besleme dan\u0131\u015fmanlar\u0131yla birlikte \u00e7al\u0131\u015fmalar yaparak d\u00fczenli bir \u015fekilde geli\u015ftirerek T\u00fcrk \u00e7ift\u00e7isine sunmaktad\u0131r.<\/p><p>Dirili\u015f Yem Katk\u0131 Maddeleri,<br \/>\u00fcretilen her \u00fcr\u00fcn\u00fc uluslararas\u0131 standartlarda GMP, ISO 9001:2015, ISO 22000:2005 ve Halal sertifikalar\u0131yla \u00fcst d\u00fczey kalite g\u00fcvencesinde \u00fcretmektedir.<\/p><p>Dirili\u015f Yem Katk\u0131 Maddeleri ; as\u0131l amac\u0131 spesifik \u00fcr\u00fcnler \u00fcreterek, \u00e7ift\u00e7ilerimizle tek tek g\u00f6r\u00fc\u015f\u00fcp bilin\u00e7lendirerek, daha sa\u011fl\u0131kl\u0131 ve kazan\u00e7 sa\u011flayabilece\u011fimiz ortam\u0131 sa\u011flamak amac\u0131yla kurulmu\u015f olup bu bak\u0131\u015f a\u00e7\u0131s\u0131ndan \u00f6d\u00fcn vermeyecektir.<\/p><p>Sekt\u00f6r\u00fcn hayvanc\u0131l\u0131\u011fa bak\u0131\u015f a\u00e7\u0131s\u0131n\u0131 de\u011fi\u015ftirerek farkl\u0131 bir bak\u0131\u015f a\u00e7\u0131s\u0131ndan bakt\u0131rmak i\u00e7in sizlerle daha \u00e7ok ilgilenerek amac\u0131m\u0131za ula\u015fmak i\u00e7in ilk g\u00fcnk\u00fc heyecanla devam\u00a0edecektir.\u201d<\/p>\t\t\t\t\t\t\t\t<\/div>\n\t\t\t\t<\/div>\n\t\t<div class=\"elementor-element elementor-element-3773bac e-con-full e-flex e-con e-child\" data-id=\"3773bac\" data-element_type=\"container\" data-e-type=\"container\">\n\t\t\t\t<div class=\"elementor-element elementor-element-72a4fa5 elementor-widget elementor-widget-image\" data-id=\"72a4fa5\" data-element_type=\"widget\" data-e-type=\"widget\" data-widget_type=\"image.default\">\n\t\t\t\t\t\t\t\t\t\t\t\t\t\t\t<img fetchpriority=\"high\" decoding=\"async\" width=\"660\" height=\"377\" src=\"http:\/\/www.dirilisyem.com\/wp-content\/uploads\/2026\/04\/WhatsApp-Image-2026-04-10-at-17.39.10-1024x585.jpeg\" class=\"attachment-large size-large wp-image-9454\" alt=\"\" srcset=\"http:\/\/www.dirilisyem.com\/wp-content\/uploads\/2026\/04\/WhatsApp-Image-2026-04-10-at-17.39.10-1024x585.jpeg 1024w, http:\/\/www.dirilisyem.com\/wp-content\/uploads\/2026\/04\/WhatsApp-Image-2026-04-10-at-17.39.10-300x171.jpeg 300w, http:\/\/www.dirilisyem.com\/wp-content\/uploads\/2026\/04\/WhatsApp-Image-2026-04-10-at-17.39.10-768x439.jpeg 768w, http:\/\/www.dirilisyem.com\/wp-content\/uploads\/2026\/04\/WhatsApp-Image-2026-04-10-at-17.39.10-1536x877.jpeg 1536w, http:\/\/www.dirilisyem.com\/wp-content\/uploads\/2026\/04\/WhatsApp-Image-2026-04-10-at-17.39.10-1320x754.jpeg 1320w, http:\/\/www.dirilisyem.com\/wp-content\/uploads\/2026\/04\/WhatsApp-Image-2026-04-10-at-17.39.10-600x343.jpeg 600w, http:\/\/www.dirilisyem.com\/wp-content\/uploads\/2026\/04\/WhatsApp-Image-2026-04-10-at-17.39.10.jpeg 1600w\" sizes=\"(max-width: 660px) 100vw, 660px\" \/>\t\t\t\t\t\t\t\t\t\t\t\t\t\t\t<\/div>\n\t\t\t\t<div class=\"elementor-element elementor-element-ab3dfc4 elementor-widget elementor-widget-image\" data-id=\"ab3dfc4\" data-element_type=\"widget\" data-e-type=\"widget\" data-widget_type=\"image.default\">\n\t\t\t\t\t\t\t\t\t\t\t\t\t\t\t<img decoding=\"async\" width=\"660\" height=\"164\" src=\"http:\/\/www.dirilisyem.com\/wp-content\/uploads\/2021\/02\/asdasdasd-removebg-preview-1.png\" class=\"attachment-large size-large wp-image-9139\" alt=\"\" srcset=\"http:\/\/www.dirilisyem.com\/wp-content\/uploads\/2021\/02\/asdasdasd-removebg-preview-1.png 779w, http:\/\/www.dirilisyem.com\/wp-content\/uploads\/2021\/02\/asdasdasd-removebg-preview-1-300x75.png 300w, http:\/\/www.dirilisyem.com\/wp-content\/uploads\/2021\/02\/asdasdasd-removebg-preview-1-768x191.png 768w, http:\/\/www.dirilisyem.com\/wp-content\/uploads\/2021\/02\/asdasdasd-removebg-preview-1-600x149.png 600w\" sizes=\"(max-width: 660px) 100vw, 660px\" \/>\t\t\t\t\t\t\t\t\t\t\t\t\t\t\t<\/div>\n\t\t\t\t<\/div>\n\t\t\t\t\t<\/div>\n\t\t\t\t<\/div>\n\t\t\t\t<section class=\"elementor-section elementor-top-section elementor-element elementor-element-9b20355 elementor-section-stretched elementor-section-boxed elementor-section-height-default elementor-section-height-default\" data-id=\"9b20355\" data-element_type=\"section\" data-e-type=\"section\" data-settings=\"{&quot;stretch_section&quot;:&quot;section-stretched&quot;,&quot;background_background&quot;:&quot;classic&quot;}\">\n\t\t\t\t\t\t<div class=\"elementor-container elementor-column-gap-default\">\n\t\t\t\t\t<div class=\"elementor-column elementor-col-100 elementor-top-column elementor-element elementor-element-6582fb0\" data-id=\"6582fb0\" data-element_type=\"column\" data-e-type=\"column\">\n\t\t\t<div class=\"elementor-widget-wrap elementor-element-populated\">\n\t\t\t\t\t\t<div class=\"elementor-element elementor-element-fd88c71 elementor-widget elementor-widget-html\" data-id=\"fd88c71\" data-element_type=\"widget\" data-e-type=\"widget\" data-widget_type=\"html.default\">\n\t\t\t\t\t<link rel=\"stylesheet\" href=\"https:\/\/cdnjs.cloudflare.com\/ajax\/libs\/font-awesome\/6.5.1\/css\/all.min.css\">\n\n<div class=\"sari-servis-konteynir\">\n    <div class=\"servis-item\">\n        <div class=\"ikon-alani\">\n            <i class=\"fa-solid fa-truck-fast\"><\/i>\n        <\/div>\n        <span class=\"servis-yazi\">G\u00dcVEN\u0130L\u0130R TESL\u0130MAT<\/span>\n    <\/div>\n\n    <div class=\"servis-item\">\n        <div class=\"ikon-alani\">\n            <i class=\"fa-solid fa-arrow-rotate-left\"><\/i>\n        <\/div>\n        <span class=\"servis-yazi\">HIZLI GER\u0130 D\u00d6N\u00dc\u015e<\/span>\n    <\/div>\n\n    <div class=\"servis-item\">\n        <div class=\"ikon-alani\">\n            <i class=\"fa-solid fa-shield-halved\"><\/i>\n        <\/div>\n        <span class=\"servis-yazi\">G\u00dcVENL\u0130 \u00d6DEME VE PAKETLEME<\/span>\n    <\/div>\n\n    <div class=\"servis-item\">\n        <div class=\"ikon-alani\">\n            <i class=\"fa-solid fa-headset\"><\/i>\n        <\/div>\n        <span class=\"servis-yazi\">CANLI M\u00dc\u015eTER\u0130 H\u0130ZMET\u0130<\/span>\n    <\/div>\n<\/div>\n\n<style>\n\/* Temel Konteynir Ayarlar\u0131 *\/\n.sari-servis-konteynir {\n    display: flex;\n    justify-content: space-around;\n    align-items: center;\n    gap: 30px;\n    padding: 25px 15px;\n    background-color: #fff; \/* Arka plan rengi *\/\n    flex-wrap: wrap;\n}\n\n\/* Her Bir Servis Eleman\u0131 *\/\n.servis-item {\n    display: flex;\n    align-items: center;\n    cursor: pointer;\n    transition: transform 0.3s ease;\n}\n\n\/* \u0130kon Ayarlar\u0131 *\/\n.ikon-alani {\n    font-size: 26px;\n    margin-right: 12px;\n    color: #333; \/* Varsay\u0131lan \u0130kon Rengi *\/\n    transition: all 0.3s ease;\n}\n\n\/* Metin Ayarlar\u0131 *\/\n.servis-yazi {\n    font-family: 'Montserrat', sans-serif, Arial;\n    font-size: 13px;\n    font-weight: 700;\n    color: #333;\n    letter-spacing: 0.6px;\n    text-transform: uppercase;\n    transition: all 0.3s ease;\n}\n\n\/* --- ANIMASYONLAR VE SARI RENK EFEKT\u0130 --- *\/\n\n\/* \u00dczerine gelince ikon z\u0131plas\u0131n ve sar\u0131 olsun *\/\n.servis-item:hover .ikon-alani {\n    color: #FFD700; \/* Alt\u0131n Sar\u0131s\u0131 *\/\n    transform: translateY(-5px) scale(1.1);\n}\n\n\/* \u00dczerine gelince yaz\u0131 sar\u0131 olsun *\/\n.servis-item:hover .servis-yazi {\n    color: #FFD700;\n}\n\n\/* Mobil Cihazlar \u0130\u00e7in Uyumluluk *\/\n@media (max-width: 768px) {\n    .sari-servis-konteynir {\n        flex-direction: column;\n        align-items: flex-start;\n        padding-left: 10%;\n        gap: 20px;\n    }\n    \n    .servis-item:hover .ikon-alani {\n        transform: translateX(10px); \/* Mobilde yana kays\u0131n *\/\n    }\n}\n<\/style>\t\t\t\t<\/div>\n\t\t\t\t\t<\/div>\n\t\t<\/div>\n\t\t\t\t\t<\/div>\n\t\t<\/section>\n\t\t\t\t<\/div>\n\t\t","protected":false},"excerpt":{"rendered":"<p>Hakk\u0131m\u0131zda Dirili\u015f Yem Katk\u0131 Maddeleri, 2021 y\u0131l\u0131nda Ankara\u2019da kurulmu\u015ftur.Kurulu\u015fundan bu g\u00fcne spesifik \u00fcr\u00fcnler \u00e7\u0131kararak piyasaya y\u00f6n vermek amac\u0131yla kurulup bu hedefinden hi\u00e7 sapmayarak devam etmektedir. Yem katk\u0131 sekt\u00f6r\u00fcnde yeni \u00fcr\u00fcnler \u00fcreterek T\u00fcrk \u00e7ift\u00e7isininin d\u00fc\u015f\u00fck maliyetlerle daha iyi sonu\u00e7lar almas\u0131n\u0131 hedeflemi\u015ftir. \u00dcr\u00fcnlerimiz tamamlay\u0131c\u0131 yem, klinik \u00fcr\u00fcnleri vb. \u00fcr\u00fcnlerden olu\u015fmaktad\u0131r. \u0130lerleyen s\u00fcre\u00e7lerde \u00fcr\u00fcn \u00e7e\u015fitlili\u011fimizi koydu\u011fumuz hedef do\u011frultusunda &hellip; <br \/><a href=\"http:\/\/www.dirilisyem.com\/index.php\/about\/\" class=\"more-link\">Devam\u0131n\u0131 oku <span class=\"screen-reader-text\">Hakk\u0131m\u0131zda<\/span><\/a><\/p>\n","protected":false},"author":1,"featured_media":0,"parent":0,"menu_order":0,"comment_status":"closed","ping_status":"closed","template":"","meta":{"footnotes":""},"class_list":["post-91","page","type-page","status-publish","hentry"],"_links":{"self":[{"href":"http:\/\/www.dirilisyem.com\/index.php\/wp-json\/wp\/v2\/pages\/91","targetHints":{"allow":["GET"]}}],"collection":[{"href":"http:\/\/www.dirilisyem.com\/index.php\/wp-json\/wp\/v2\/pages"}],"about":[{"href":"http:\/\/www.dirilisyem.com\/index.php\/wp-json\/wp\/v2\/types\/page"}],"author":[{"embeddable":true,"href":"http:\/\/www.dirilisyem.com\/index.php\/wp-json\/wp\/v2\/users\/1"}],"replies":[{"embeddable":true,"href":"http:\/\/www.dirilisyem.com\/index.php\/wp-json\/wp\/v2\/comments?post=91"}],"version-history":[{"count":17,"href":"http:\/\/www.dirilisyem.com\/index.php\/wp-json\/wp\/v2\/pages\/91\/revisions"}],"predecessor-version":[{"id":9559,"href":"http:\/\/www.dirilisyem.com\/index.php\/wp-json\/wp\/v2\/pages\/91\/revisions\/9559"}],"wp:attachment":[{"href":"http:\/\/www.dirilisyem.com\/index.php\/wp-json\/wp\/v2\/media?parent=91"}],"curies":[{"name":"wp","href":"https:\/\/api.w.org\/{rel}","templated":true}]}}