{"id":9262,"date":"2026-04-05T18:14:49","date_gmt":"2026-04-05T18:14:49","guid":{"rendered":"https:\/\/www.dirilisyem.com\/?post_type=product&#038;p=9262"},"modified":"2026-04-11T13:04:30","modified_gmt":"2026-04-11T13:04:30","slug":"dirilis-combo-1lt","status":"publish","type":"product","link":"http:\/\/www.dirilisyem.com\/index.php\/product\/dirilis-combo-1lt\/","title":{"rendered":"Dirili\u015f COMBO 1LT"},"content":{"rendered":"<ul>\n<li>Bile\u015fimindeki zenginle\u015ftirilmi\u015f A, D, E, K ve B grubu vitaminleri, temel amino asitler ve organik mineraller ile hayvanlar\u0131n enerji ihtiya\u00e7lar\u0131n\u0131n artt\u0131\u011f\u0131 d\u00f6nemlerde v\u00fccut fonksiyonlar\u0131n\u0131n sa\u011fl\u0131kl\u0131 i\u015flevi i\u00e7in gerekli elementleri kar\u015f\u0131lamak i\u00e7in geli\u015ftirilmi\u015f \u00f6zel likit kombinasyonudur.<\/li>\n<li>Suda kolayl\u0131kla \u00e7\u00f6z\u00fcnen yap\u0131s\u0131 sayesinde e\u015fit bir da\u011f\u0131l\u0131m sa\u011flar.<\/li>\n<\/ul>\n<p><strong>\u00d6zellikle at, s\u0131\u011f\u0131r, koyun, ke\u00e7i, kedi, k\u00f6pek, ar\u0131 ve bal\u0131klar\u0131n vitamin, mineral ve aminoasit ihtiyac\u0131n\u0131 kar\u015f\u0131lar.<\/strong><\/p>\n<p><strong>Neden D\u0130R\u0130L\u0130\u015e Kulanmal\u0131y\u0131m ?<\/strong><\/p>\n<ul>\n<li>Y\u00fcksek performans gerektiren durumlarda destekleyici etkin maddeler ile verimlili\u011fi art\u0131r\u0131r.<\/li>\n<li>\u00a0Geli\u015fim s\u00fcrecini h\u0131zland\u0131r\u0131lmas\u0131na katk\u0131 sa\u011flar.<\/li>\n<li>\u00a0Hastal\u0131klara kar\u015f\u0131 baa\u011f\u0131\u015f\u0131kl\u0131k sisteminin g\u00fc\u00e7lendirmesine yard\u0131mc\u0131d\u0131r.<\/li>\n<li>\u00a0Kanatl\u0131 grubunda yumurta sertli\u011fi ve yumurtlama verimlili\u011fine faydal\u0131 olur.<\/li>\n<li>A\u015f\u0131lamalarda spesifik antikor \u00fcretiminin art\u0131r\u0131lmas\u0131na katk\u0131 sa\u011flar.<\/li>\n<li>\u00a0Yem rasyon de\u011fi\u015fimlerinde s\u00fcrecin iyile\u015ftirilmesi i\u00e7in b\u00fcy\u00fck \u00f6nem ta\u015f\u0131maktad\u0131r.<\/li>\n<li>\u00a0Ra\u015fitzim, Osteomalazi, perozis ve parazitlerin teedavisinde etkilidir.<\/li>\n<li>\u00a0Kaaraci\u011fer yaa\u011flanmas\u0131 ve dejenerasyonun \u00f6nlenmesine yard\u0131mc\u0131 olur.<\/li>\n<li>\u00a0\u00dcreme performans\u0131n\u0131 geli\u015ftirir.<\/li>\n<li>\u00a0Mikotoksinlerin, antibiyotiklerin ve di\u011fer kimyasal tooksinlerin zararl\u0131 etkilerini ortadan kald\u0131rmay\u0131 h\u0131zland\u0131r\u0131r ve sonland\u0131r\u0131r.<\/li>\n<li><strong>KULLANIM \u015eEKL\u0130 :\u00a0<\/strong><\/li>\n<li><strong>B\u00fcy\u00fckba\u015f:\u00a0<\/strong>25-50 ml\/g\u00fcn,<\/li>\n<li><strong>Kanatl\u0131 Hayvan:<\/strong>\u00a01 ton i\u00e7me suyuna 500-1000 ml,<\/li>\n<li><strong>Buza\u011f\u0131 i\u00e7in :\u00a0<\/strong>20 ml\/g\u00fcn ,<\/li>\n<li><strong>K\u00fc\u00e7\u00fckba\u015f :\u00a0<\/strong>5-10 ml\/g\u00fcn,<\/li>\n<li><strong>Kedi\u00a0 \u2013 k\u00f6pek :\u00a0<\/strong>2-5 ml \/g\u00fcn,<\/li>\n<li><strong>At :\u00a0<\/strong>25-50 ml\/ g\u00fcn ( Yar\u0131\u015flardan \u00f6nce dozaj 100 ml\/g\u00fcn \u2018e \u00e7\u0131kar\u0131labilir )<\/li>\n<li><strong>Ar\u0131 :\u00a0<\/strong>ilkbahar ve sonbahar d\u00f6neminde<\/li>\n<\/ul>\n<p><strong>Sular\u0131na ilave edilerek\u00a0 15 g\u00fcnde 3 g\u00fcn \u00fcst \u00fcste kullan\u0131lmal\u0131d\u0131r.<\/strong><\/p>\n","protected":false},"excerpt":{"rendered":"<p>Bile\u015fimindeki zenginle\u015ftirilmi\u015f A, D, E, K ve B grubu vitaminleri, temel amino asitler ve organik mineraller ile hayvanlar\u0131n enerji ihtiya\u00e7lar\u0131n\u0131n artt\u0131\u011f\u0131 d\u00f6nemlerde v\u00fccut fonksiyonlar\u0131n\u0131n sa\u011fl\u0131kl\u0131 i\u015flevi i\u00e7in gerekli elementleri kar\u015f\u0131lamak i\u00e7in geli\u015ftirilmi\u015f \u00f6zel likit kombinasyonudur. Suda kolayl\u0131kla \u00e7\u00f6z\u00fcnen yap\u0131s\u0131 sayesinde e\u015fit bir da\u011f\u0131l\u0131m sa\u011flar. \u00d6zellikle at, s\u0131\u011f\u0131r, koyun, ke\u00e7i, kedi, k\u00f6pek, ar\u0131 ve bal\u0131klar\u0131n vitamin, &hellip; <br \/><a href=\"http:\/\/www.dirilisyem.com\/index.php\/product\/dirilis-combo-1lt\/\" class=\"more-link\">Devam\u0131n\u0131 oku <span class=\"screen-reader-text\">Dirili\u015f COMBO 1LT<\/span><\/a><\/p>\n","protected":false},"featured_media":9362,"comment_status":"open","ping_status":"closed","template":"","meta":[],"product_brand":[],"product_cat":[109,15],"product_tag":[],"class_list":{"0":"post-9262","1":"product","2":"type-product","3":"status-publish","4":"has-post-thumbnail","6":"product_cat-kanatli-urunler","7":"product_cat-urunler","9":"first","10":"instock","11":"shipping-taxable","12":"purchasable","13":"product-type-simple"},"_links":{"self":[{"href":"http:\/\/www.dirilisyem.com\/index.php\/wp-json\/wp\/v2\/product\/9262","targetHints":{"allow":["GET"]}}],"collection":[{"href":"http:\/\/www.dirilisyem.com\/index.php\/wp-json\/wp\/v2\/product"}],"about":[{"href":"http:\/\/www.dirilisyem.com\/index.php\/wp-json\/wp\/v2\/types\/product"}],"replies":[{"embeddable":true,"href":"http:\/\/www.dirilisyem.com\/index.php\/wp-json\/wp\/v2\/comments?post=9262"}],"version-history":[{"count":1,"href":"http:\/\/www.dirilisyem.com\/index.php\/wp-json\/wp\/v2\/product\/9262\/revisions"}],"predecessor-version":[{"id":9264,"href":"http:\/\/www.dirilisyem.com\/index.php\/wp-json\/wp\/v2\/product\/9262\/revisions\/9264"}],"wp:featuredmedia":[{"embeddable":true,"href":"http:\/\/www.dirilisyem.com\/index.php\/wp-json\/wp\/v2\/media\/9362"}],"wp:attachment":[{"href":"http:\/\/www.dirilisyem.com\/index.php\/wp-json\/wp\/v2\/media?parent=9262"}],"wp:term":[{"taxonomy":"product_brand","embeddable":true,"href":"http:\/\/www.dirilisyem.com\/index.php\/wp-json\/wp\/v2\/product_brand?post=9262"},{"taxonomy":"product_cat","embeddable":true,"href":"http:\/\/www.dirilisyem.com\/index.php\/wp-json\/wp\/v2\/product_cat?post=9262"},{"taxonomy":"product_tag","embeddable":true,"href":"http:\/\/www.dirilisyem.com\/index.php\/wp-json\/wp\/v2\/product_tag?post=9262"}],"curies":[{"name":"wp","href":"https:\/\/api.w.org\/{rel}","templated":true}]}}