{"id":9265,"date":"2026-04-05T18:16:18","date_gmt":"2026-04-05T18:16:18","guid":{"rendered":"https:\/\/www.dirilisyem.com\/?post_type=product&#038;p=9265"},"modified":"2026-04-11T13:44:26","modified_gmt":"2026-04-11T13:44:26","slug":"dirilis-energizer-rp10-bypass-fraksiyonize-yag-25-kg-bitkisel","status":"publish","type":"product","link":"http:\/\/www.dirilisyem.com\/index.php\/product\/dirilis-energizer-rp10-bypass-fraksiyonize-yag-25-kg-bitkisel\/","title":{"rendered":"Dirili\u015f Energizer RP10 Bypass Fraksiyonize Ya\u011f 25 kg (Bitkisel )"},"content":{"rendered":"<div class=\"woocommerce-tabs wc-tabs-wrapper\">\n<div id=\"tab-description\" class=\"woocommerce-Tabs-panel woocommerce-Tabs-panel--description panel entry-content wc-tab\" role=\"tabpanel\" aria-labelledby=\"tab-title-description\">\n<p><b>Bypass Fraksiyonize Ya\u011f 25 KG ( B\u0130TK\u0130SEL ) Energizer RP10,<\/b><\/p>\n<p>y\u00fcksek verimli ruminantlarda kullan\u0131lmak \u00fczere \u00f6zel olarak form\u00fcle edilmi\u015f GDO\u2019suz ve bitkisel bazl\u0131 bir ya\u011f asidi takviyesidir. \u00dcr\u00fcn, y\u00fcksek s\u00fct ya\u011f\u0131 ve y\u00fcksek verim sonucunu te\u015fvik etmek i\u00e7in esansiyel bir ya\u011f asidi olan y\u00fcksek miktarda palmitik asit i\u00e7erir.<\/p>\n<p>Energizer RP10, d\u00fc\u015f\u00fck \u00e7\u00f6z\u00fcn\u00fcrl\u00fc\u011fe ve y\u00fcksek ba\u011f\u0131rsak si\u0130ndirilebilirli\u011fine sahip korumal\u0131 bir ya\u011f \u00fcr\u00fcn\u00fcnden m\u00fcmk\u00fcn olan en y\u00fcksek enerji de\u011ferini sa\u011flamak i\u00e7in geli\u015ftirilmi\u015ftir.<\/p>\n<p><b>KULLANIMI :<\/b><\/p>\n<ul>\n<li>G\u00fcnl\u00fck hayvan inek ba\u015f\u0131na 150-300 gram aras\u0131nda<\/li>\n<li>G\u00fcnl\u00fck besi hayvanlar\u0131 ba\u015f\u0131na 100-200 gram aras\u0131nda kullan\u0131labilir<\/li>\n<\/ul>\n<p><b>NEDEN ENERG\u0130ZER RP10 KULLANMALIYIM ?<\/b><\/p>\n<ul>\n<li>\u00a0Ekonomik bir enerji kayna\u011f\u0131d\u0131r<\/li>\n<li>Sindirilebilirli\u011fini \u00e7ok y\u00fcksektir.<\/li>\n<li>Y\u00fcksek enerjiye sahiptir. Hayvan\u0131n negatif enerji balans\u0131na d\u00fc\u015fmesini \u00f6nler.<\/li>\n<li>S\u00fct verimini belirgin olarak art\u0131r\u0131r. (g\u00fcnde 3-5 lt )<\/li>\n<li>S\u00fct ya\u011f\u0131 oran\u0131nda art\u0131\u015f sa\u011flar.<\/li>\n<li>S\u00fct ya\u011f\u0131 proteinde art\u0131\u015f sa\u011flar.<\/li>\n<li>Ketozisin ortaya \u00e7\u0131kmamas\u0131 i\u00e7in v\u00fccut ya\u011flar\u0131n\u0131 korur.<\/li>\n<li>Negatif enerji balans\u0131 probleminden kaynaklanan fertilite problemleri, zaturiye, d\u00f6\u00f6l tutmama problemlerini azalt\u0131r.<\/li>\n<li>Tamamen bitkisel bir ya\u011fd\u0131r herhangi bir \u00e7\u0131kt\u0131 yada at\u0131k i\u00e7ermez. Bu manada tamamen ye\u015fil bir \u00fcr\u00fcnd\u00fcr.<\/li>\n<\/ul>\n<\/div>\n<\/div>\n","protected":false},"excerpt":{"rendered":"<p>Bypass Fraksiyonize Ya\u011f 25 KG ( B\u0130TK\u0130SEL ) Energizer RP10, y\u00fcksek verimli ruminantlarda kullan\u0131lmak \u00fczere \u00f6zel olarak form\u00fcle edilmi\u015f GDO\u2019suz ve bitkisel bazl\u0131 bir ya\u011f asidi takviyesidir. \u00dcr\u00fcn, y\u00fcksek s\u00fct ya\u011f\u0131 ve y\u00fcksek verim sonucunu te\u015fvik etmek i\u00e7in esansiyel bir ya\u011f asidi olan y\u00fcksek miktarda palmitik asit i\u00e7erir. Energizer RP10, d\u00fc\u015f\u00fck \u00e7\u00f6z\u00fcn\u00fcrl\u00fc\u011fe ve y\u00fcksek ba\u011f\u0131rsak &hellip; <br \/><a href=\"http:\/\/www.dirilisyem.com\/index.php\/product\/dirilis-energizer-rp10-bypass-fraksiyonize-yag-25-kg-bitkisel\/\" class=\"more-link\">Devam\u0131n\u0131 oku <span class=\"screen-reader-text\">Dirili\u015f Energizer RP10 Bypass Fraksiyonize Ya\u011f 25 kg (Bitkisel )<\/span><\/a><\/p>\n","protected":false},"featured_media":9266,"comment_status":"open","ping_status":"closed","template":"","meta":[],"product_brand":[],"product_cat":[110,15],"product_tag":[],"class_list":{"0":"post-9265","1":"product","2":"type-product","3":"status-publish","4":"has-post-thumbnail","6":"product_cat-buzagi-urunleri","7":"product_cat-urunler","9":"first","10":"instock","11":"shipping-taxable","12":"purchasable","13":"product-type-simple"},"_links":{"self":[{"href":"http:\/\/www.dirilisyem.com\/index.php\/wp-json\/wp\/v2\/product\/9265","targetHints":{"allow":["GET"]}}],"collection":[{"href":"http:\/\/www.dirilisyem.com\/index.php\/wp-json\/wp\/v2\/product"}],"about":[{"href":"http:\/\/www.dirilisyem.com\/index.php\/wp-json\/wp\/v2\/types\/product"}],"replies":[{"embeddable":true,"href":"http:\/\/www.dirilisyem.com\/index.php\/wp-json\/wp\/v2\/comments?post=9265"}],"version-history":[{"count":1,"href":"http:\/\/www.dirilisyem.com\/index.php\/wp-json\/wp\/v2\/product\/9265\/revisions"}],"predecessor-version":[{"id":9267,"href":"http:\/\/www.dirilisyem.com\/index.php\/wp-json\/wp\/v2\/product\/9265\/revisions\/9267"}],"wp:featuredmedia":[{"embeddable":true,"href":"http:\/\/www.dirilisyem.com\/index.php\/wp-json\/wp\/v2\/media\/9266"}],"wp:attachment":[{"href":"http:\/\/www.dirilisyem.com\/index.php\/wp-json\/wp\/v2\/media?parent=9265"}],"wp:term":[{"taxonomy":"product_brand","embeddable":true,"href":"http:\/\/www.dirilisyem.com\/index.php\/wp-json\/wp\/v2\/product_brand?post=9265"},{"taxonomy":"product_cat","embeddable":true,"href":"http:\/\/www.dirilisyem.com\/index.php\/wp-json\/wp\/v2\/product_cat?post=9265"},{"taxonomy":"product_tag","embeddable":true,"href":"http:\/\/www.dirilisyem.com\/index.php\/wp-json\/wp\/v2\/product_tag?post=9265"}],"curies":[{"name":"wp","href":"https:\/\/api.w.org\/{rel}","templated":true}]}}