{"id":9274,"date":"2026-04-05T18:22:17","date_gmt":"2026-04-05T18:22:17","guid":{"rendered":"https:\/\/www.dirilisyem.com\/?post_type=product&#038;p=9274"},"modified":"2026-04-11T13:03:26","modified_gmt":"2026-04-11T13:03:26","slug":"dirilis-megapanzehir","status":"publish","type":"product","link":"http:\/\/www.dirilisyem.com\/index.php\/product\/dirilis-megapanzehir\/","title":{"rendered":"Dirili\u015f Megapanzehir"},"content":{"rendered":"<p><strong>D\u0130R\u0130L\u0130\u015e PANZEH\u0130R ( toksin ba\u011flay\u0131c\u0131 ); \u0130le Hayvanlar\u0131n\u0131z\u0131 toksik etkilere kar\u015f\u0131 korur ve ba\u011f\u0131\u015f\u0131kl\u0131k sistemini g\u00fc\u00e7l\u00fc tutabilirsiniz.<\/strong><\/p>\n<p><strong>KULLANIMI ;<\/strong><\/p>\n<ul>\n<li>B\u00fcy\u00fckba\u015f ilk 10 g\u00fcn 100 gram, Sonra 50 gram<\/li>\n<li>K\u00fc\u00e7\u00fckba\u015f\u00a0 ilk 10 g\u00fcn 50 gram, sonra 15 gram.<\/li>\n<\/ul>\n<p><strong>Neden D\u0130R\u0130L\u0130\u015e MEGA-PANZEH\u0130R kullanmal\u0131y\u0131m ?\u00a0<\/strong><\/p>\n<ul>\n<li>\u00a0Zararl\u0131 k\u00fcf ve mantarlar\u0131n \u00fcretti\u011fi toksinlere ba\u011flanarak etkilerini azalt\u0131r.<\/li>\n<li>\u00a0Zararl\u0131 mikroorganizmalar\u0131n \u00e7o\u011falmas\u0131na m\u00e2ni olur.<\/li>\n<li>\u00a0Toksinlere ba\u011fl\u0131 g\u00f6r\u00fclen k\u0131zg\u0131nl\u0131k ve d\u00f6l tutma sorunlar\u0131n\u0131n azalt\u0131lmas\u0131na yard\u0131mc\u0131 olur.<\/li>\n<li>\u00a0Toksin kaynakl\u0131 sindirim sorunlar\u0131n\u0131n (ishal) giderilmesini sa\u011flar.<\/li>\n<li>\u00a0Besin madde sindirimini ve emilimini art\u0131r\u0131r.<\/li>\n<li>\u00a0Afla toksin gibi toksinlerin hayvansal \u00fcr\u00fcnlere ge\u00e7mesini engeller.<\/li>\n<li>\u00a0Ah\u0131rda d\u0131\u015fk\u0131 nedeniyle olu\u015fan k\u00f6t\u00fc kokular\u0131 azalt\u0131r.<\/li>\n<\/ul>\n","protected":false},"excerpt":{"rendered":"<p>D\u0130R\u0130L\u0130\u015e PANZEH\u0130R ( toksin ba\u011flay\u0131c\u0131 ); \u0130le Hayvanlar\u0131n\u0131z\u0131 toksik etkilere kar\u015f\u0131 korur ve ba\u011f\u0131\u015f\u0131kl\u0131k sistemini g\u00fc\u00e7l\u00fc tutabilirsiniz. KULLANIMI ; B\u00fcy\u00fckba\u015f ilk 10 g\u00fcn 100 gram, Sonra 50 gram K\u00fc\u00e7\u00fckba\u015f\u00a0 ilk 10 g\u00fcn 50 gram, sonra 15 gram. Neden D\u0130R\u0130L\u0130\u015e MEGA-PANZEH\u0130R kullanmal\u0131y\u0131m ?\u00a0 \u00a0Zararl\u0131 k\u00fcf ve mantarlar\u0131n \u00fcretti\u011fi toksinlere ba\u011flanarak etkilerini azalt\u0131r. \u00a0Zararl\u0131 mikroorganizmalar\u0131n \u00e7o\u011falmas\u0131na m\u00e2ni &hellip; <br \/><a href=\"http:\/\/www.dirilisyem.com\/index.php\/product\/dirilis-megapanzehir\/\" class=\"more-link\">Devam\u0131n\u0131 oku <span class=\"screen-reader-text\">Dirili\u015f Megapanzehir<\/span><\/a><\/p>\n","protected":false},"featured_media":9356,"comment_status":"open","ping_status":"closed","template":"","meta":[],"product_brand":[],"product_cat":[107,15],"product_tag":[],"class_list":{"0":"post-9274","1":"product","2":"type-product","3":"status-publish","4":"has-post-thumbnail","6":"product_cat-mineral-vitaminleri","7":"product_cat-urunler","9":"first","10":"instock","11":"shipping-taxable","12":"purchasable","13":"product-type-simple"},"_links":{"self":[{"href":"http:\/\/www.dirilisyem.com\/index.php\/wp-json\/wp\/v2\/product\/9274","targetHints":{"allow":["GET"]}}],"collection":[{"href":"http:\/\/www.dirilisyem.com\/index.php\/wp-json\/wp\/v2\/product"}],"about":[{"href":"http:\/\/www.dirilisyem.com\/index.php\/wp-json\/wp\/v2\/types\/product"}],"replies":[{"embeddable":true,"href":"http:\/\/www.dirilisyem.com\/index.php\/wp-json\/wp\/v2\/comments?post=9274"}],"version-history":[{"count":2,"href":"http:\/\/www.dirilisyem.com\/index.php\/wp-json\/wp\/v2\/product\/9274\/revisions"}],"predecessor-version":[{"id":9390,"href":"http:\/\/www.dirilisyem.com\/index.php\/wp-json\/wp\/v2\/product\/9274\/revisions\/9390"}],"wp:featuredmedia":[{"embeddable":true,"href":"http:\/\/www.dirilisyem.com\/index.php\/wp-json\/wp\/v2\/media\/9356"}],"wp:attachment":[{"href":"http:\/\/www.dirilisyem.com\/index.php\/wp-json\/wp\/v2\/media?parent=9274"}],"wp:term":[{"taxonomy":"product_brand","embeddable":true,"href":"http:\/\/www.dirilisyem.com\/index.php\/wp-json\/wp\/v2\/product_brand?post=9274"},{"taxonomy":"product_cat","embeddable":true,"href":"http:\/\/www.dirilisyem.com\/index.php\/wp-json\/wp\/v2\/product_cat?post=9274"},{"taxonomy":"product_tag","embeddable":true,"href":"http:\/\/www.dirilisyem.com\/index.php\/wp-json\/wp\/v2\/product_tag?post=9274"}],"curies":[{"name":"wp","href":"https:\/\/api.w.org\/{rel}","templated":true}]}}