{"id":9277,"date":"2026-04-05T18:24:10","date_gmt":"2026-04-05T18:24:10","guid":{"rendered":"https:\/\/www.dirilisyem.com\/?post_type=product&#038;p=9277"},"modified":"2026-04-11T13:03:26","modified_gmt":"2026-04-11T13:03:26","slug":"dirilis-megarelax","status":"publish","type":"product","link":"http:\/\/www.dirilisyem.com\/index.php\/product\/dirilis-megarelax\/","title":{"rendered":"Dirili\u015f Megarelax"},"content":{"rendered":"<h3>Dirili\u015f Megarelax 25 kg Yem Katk\u0131 ( SAK\u0130NLE\u015eT\u0130R\u0130C\u0130 )<\/h3>\n<p><strong>Hormon i\u00e7ermeyen tamamen bitkisel D\u0130R\u0130L\u0130\u015e RELAX Sizlerle\u00a0<\/strong><\/p>\n<ul>\n<li>Besi danalar\u0131n\u0131z hormon seviyesini d\u00fczenleyerek<\/li>\n<li>Enerji sarfiyat\u0131n\u0131n \u00f6n\u00fcne ge\u00e7mek,<\/li>\n<li>Sakinle\u015ftirmek,<\/li>\n<li>Yararlanmalar\u0131 en aza indirmek<\/li>\n<li>Besi verimin artmas\u0131 i\u00e7in tasarlanm\u0131\u015ft\u0131r.<\/li>\n<\/ul>\n<p><strong>KULLANIMI :<\/strong><\/p>\n<ul>\n<li>B\u00fcy\u00fckba\u015flar : 50 gram \/ g\u00fcn.<\/li>\n<li>K\u00fc\u00e7\u00fckba\u015flar : 15 gram \/ g\u00fcn.<\/li>\n<\/ul>\n","protected":false},"excerpt":{"rendered":"<p>Dirili\u015f Megarelax 25 kg Yem Katk\u0131 ( SAK\u0130NLE\u015eT\u0130R\u0130C\u0130 ) Hormon i\u00e7ermeyen tamamen bitkisel D\u0130R\u0130L\u0130\u015e RELAX Sizlerle\u00a0 Besi danalar\u0131n\u0131z hormon seviyesini d\u00fczenleyerek Enerji sarfiyat\u0131n\u0131n \u00f6n\u00fcne ge\u00e7mek, Sakinle\u015ftirmek, Yararlanmalar\u0131 en aza indirmek Besi verimin artmas\u0131 i\u00e7in tasarlanm\u0131\u015ft\u0131r. KULLANIMI : B\u00fcy\u00fckba\u015flar : 50 gram \/ g\u00fcn. K\u00fc\u00e7\u00fckba\u015flar : 15 gram \/ g\u00fcn.<\/p>\n","protected":false},"featured_media":9354,"comment_status":"open","ping_status":"closed","template":"","meta":[],"product_brand":[],"product_cat":[107,15],"product_tag":[],"class_list":{"0":"post-9277","1":"product","2":"type-product","3":"status-publish","4":"has-post-thumbnail","6":"product_cat-mineral-vitaminleri","7":"product_cat-urunler","9":"first","10":"instock","11":"shipping-taxable","12":"purchasable","13":"product-type-simple"},"_links":{"self":[{"href":"http:\/\/www.dirilisyem.com\/index.php\/wp-json\/wp\/v2\/product\/9277","targetHints":{"allow":["GET"]}}],"collection":[{"href":"http:\/\/www.dirilisyem.com\/index.php\/wp-json\/wp\/v2\/product"}],"about":[{"href":"http:\/\/www.dirilisyem.com\/index.php\/wp-json\/wp\/v2\/types\/product"}],"replies":[{"embeddable":true,"href":"http:\/\/www.dirilisyem.com\/index.php\/wp-json\/wp\/v2\/comments?post=9277"}],"version-history":[{"count":1,"href":"http:\/\/www.dirilisyem.com\/index.php\/wp-json\/wp\/v2\/product\/9277\/revisions"}],"predecessor-version":[{"id":9279,"href":"http:\/\/www.dirilisyem.com\/index.php\/wp-json\/wp\/v2\/product\/9277\/revisions\/9279"}],"wp:featuredmedia":[{"embeddable":true,"href":"http:\/\/www.dirilisyem.com\/index.php\/wp-json\/wp\/v2\/media\/9354"}],"wp:attachment":[{"href":"http:\/\/www.dirilisyem.com\/index.php\/wp-json\/wp\/v2\/media?parent=9277"}],"wp:term":[{"taxonomy":"product_brand","embeddable":true,"href":"http:\/\/www.dirilisyem.com\/index.php\/wp-json\/wp\/v2\/product_brand?post=9277"},{"taxonomy":"product_cat","embeddable":true,"href":"http:\/\/www.dirilisyem.com\/index.php\/wp-json\/wp\/v2\/product_cat?post=9277"},{"taxonomy":"product_tag","embeddable":true,"href":"http:\/\/www.dirilisyem.com\/index.php\/wp-json\/wp\/v2\/product_tag?post=9277"}],"curies":[{"name":"wp","href":"https:\/\/api.w.org\/{rel}","templated":true}]}}