{"id":9283,"date":"2026-04-05T18:27:06","date_gmt":"2026-04-05T18:27:06","guid":{"rendered":"https:\/\/www.dirilisyem.com\/?post_type=product&#038;p=9283"},"modified":"2026-04-11T13:44:26","modified_gmt":"2026-04-11T13:44:26","slug":"dirilis-nukamel-protegobuzagi-mamasi-25-kg-ilk-15-gun","status":"publish","type":"product","link":"http:\/\/www.dirilisyem.com\/index.php\/product\/dirilis-nukamel-protegobuzagi-mamasi-25-kg-ilk-15-gun\/","title":{"rendered":"D\u0130R\u0130L\u0130\u015e Nukamel Protego(Buza\u011f\u0131 Mamas\u0131 25 kg Ilk 15 G\u00fcn )"},"content":{"rendered":"<p><strong>Dirili\u015f Nukamel Protego ( Buza\u011f\u0131 MAMASI 25 KG \u2013 \u0130LK 15 G\u00dcN \u0130\u0130SHAL VE KAYIP YA\u015eAMAMAK \u0130STEYENLER \u0130\u00c7\u0130N )<\/strong><\/p>\n<p><strong>Nukamel PROTEGO d\u00fcnyan\u0131n ilk buza\u011f\u0131 mamas\u0131 \u00fcreticisi Nukamel taraf\u0131ndan \u00fcretilmi\u015ftir.<\/strong><\/p>\n<p>Nukamel Prot\u00e9Go, yeni do\u011fan buza\u011f\u0131n\u0131n sa\u011fl\u0131\u011f\u0131n\u0131 ve geli\u015fimini destekleyen eksiksiz bir konseptin par\u00e7as\u0131 olan bir \u00fcr\u00fcnd\u00fcr. Nukamel Prot\u00e9Go, y\u00fcksek kaliteli s\u00fct bile\u015fenlerine dayanmaktad\u0131r ve biyoaktif bile\u015fenler bak\u0131m\u0131ndan zengindir; bu bile\u015fenler se\u00e7ilmi\u015f katk\u0131 maddeleriyle birlikte Emulsizym4Newborn paketini olu\u015fturur. Besinler, b\u00fcy\u00fcmeyi desteklemek, baa\u011f\u0131\u015f\u0131kl\u0131\u011f\u0131 art\u0131rmak ve diiren\u00e7li bir buza\u011f\u0131 olu\u015fturmak i\u00e7in ilk 2 haftada buza\u011f\u0131lar\u0131n ihtiya\u00e7lar\u0131na g\u00f6re optimize edilmi\u015ftir.<\/p>\n<p><strong>ANAHTAR FAYDALAR<\/strong><\/p>\n<p>\u2713 Ya\u015fam\u0131n ilk iki haftas\u0131nda destek i\u00e7in beslenme \u00e7\u00f6z\u00fcm\u00fc<\/p>\n<p>\u2713 Baa\u011f\u0131\u015f\u0131kl\u0131k ve baa\u011f\u0131rsak geli\u015fimini destekler<\/p>\n<p>\u2713 Yeni do\u011fan buza\u011f\u0131 i\u00e7in optimize edilmi\u015f besin seviyesi<\/p>\n<p>\u2713 Do\u011fal s\u00fct \u00fcr\u00fcnleri biyoaktif besinleri; imm\u00fcnoglobulinler, laktoferrin ve MFGM<\/p>\n<p>\u2713 G\u00fcvenli ve y\u00fcksek performansl\u0131 yeti\u015ftirme<\/p>\n<p><strong>NUKAMEL PROTEGO \u0130\u00c7ER\u0130K\u00a0<\/strong><\/p>\n<p><strong>\u2022 S\u00fct tozu (%40) \u2022 Peynir alt\u0131 suyu tozu \u2022 Bitkisel ya\u011flar (palmiye\/hindistan cevizi \u2013 60\/40) \u2022 Peynir alt\u0131 suyu kremas\u0131 protein konsantresi \u2022 Bu\u011fday protein konsantresi (hidrolize) \u2022 Premiks<\/strong><\/p>\n<p><strong>Protein<\/strong>\u00a0% 24.5<\/p>\n<p><strong>Yag<\/strong>\u00a0% 22.0<\/p>\n<p><strong>K\u00fcl<\/strong>\u00a0% 7.5<\/p>\n<p><strong>Lif<\/strong>\u00a0% 0.01<\/p>\n<p><strong>Nem<\/strong>\u00a0% Max 4.0<\/p>\n<p><strong>pH-de\u011feri<\/strong>\u00a05.8-6.2<\/p>\n<p><strong>Laktoz<\/strong>\u00a0% 37.5<\/p>\n<p><strong>Lizin<\/strong>\u00a0% 2.2<\/p>\n<p><strong>Metiyonin<\/strong>\u00a0% 0.5<\/p>\n<p><strong>Threonine<\/strong>\u00a0% 1.2<\/p>\n<p><strong>Laktik asit<\/strong>\u00a0% 0.5<\/p>\n<p><strong>Tereya\u011f\u0131 ya\u011f\u0131 ppm 2500<\/strong><\/p>\n<p>mm\u00fcnoglobulinler ppm 3000<\/p>\n<p>Laktoferrin ppm 1000<\/p>\n<p>MFGM ppm 5000<\/p>\n<p>Omega-3 (ALA) ppm 2750<\/p>\n<p>Fitojenik besinler ppm 20<\/p>\n<p>Probiyotikler Bacillus lichenformis CFU\/kg 0.65<\/p>\n<p>Bacillus Substilis CFU\/kg 0.65<\/p>\n<p>BHT ppm 25<\/p>\n<p><strong>V\u0130TAM\u0130NLER\u00a0<\/strong><\/p>\n<p><strong>A Vitamini IU\/kg 25000<\/strong><\/p>\n<p><strong>D Vitamini IU\/kg 4500<\/strong><\/p>\n<p><strong>E Vitamini mg\/kg 300<\/strong><\/p>\n<p><strong>C Vitamini mg\/kg 300<\/strong><\/p>\n<p><strong>B1 Vitamini ppm 16<\/strong><\/p>\n<p><strong>B2 Vitamini ppm 10<\/strong><\/p>\n<p><strong>B6 Vitamini ppm 10<\/strong><\/p>\n<p><strong>B12 Vitamini ppb 80<\/strong><\/p>\n<p><strong>K Vitamini ppm 5.5<\/strong><\/p>\n<p><strong>Folik asit ppm 1.0<\/strong><\/p>\n<p><strong>Pantotenik asit ppm 23<\/strong><\/p>\n<p><strong>Niasin ppm 50<\/strong><\/p>\n<p><strong>\u0130z Elementler<\/strong><\/p>\n<p><strong>Fe ppm 150<\/strong><\/p>\n<p><strong>Zn ppm 170<\/strong><\/p>\n<p><strong>Mn ppm 40<\/strong><\/p>\n<p><strong>Cu ppm 10<\/strong><\/p>\n<p><strong>I ppm 1.3<\/strong><\/p>\n<p><strong>Se ppm 0.4<\/strong><\/p>\n<p><strong>BESLENME PROGRAMI Kar\u0131\u015f\u0131m oran\u0131 =<\/strong><\/p>\n<p>165 \u2013 190 g + 1 L i\u00e7me suyu = %14-16 DM (Kuru Madde = L s\u00fct ba\u015f\u0131na 140-160 g<\/p>\n<p><strong>\u0130\u00e7me s\u0131cakl\u0131\u011f\u0131. 39-40 \u02daC<\/strong><\/p>\n<p><strong>DEPOLAMA<\/strong><\/p>\n<p><strong>\u2713 Bu \u00fcr\u00fcn\u00fc s\u0131cak ko\u015fullarda saklamaktan ka\u00e7\u0131n\u0131n. \u00dcr\u00fcn\u00fc her zaman do\u011frudan g\u00fcne\u015f \u0131\u015f\u0131\u011f\u0131ndan uzak tutun. \u2713 Asla nemli yerlerde veya herhangi bir su kayna\u011f\u0131n\u0131n yak\u0131n\u0131nda saklamay\u0131n. \u2713 Depoyu olas\u0131 t\u00fcm b\u00f6ceklere kar\u015f\u0131 emniyete al\u0131n ve b\u00f6ceklerin \u00fcreme alanlar\u0131n\u0131 \u00f6nleyin.<\/strong><\/p>\n","protected":false},"excerpt":{"rendered":"<p>Dirili\u015f Nukamel Protego ( Buza\u011f\u0131 MAMASI 25 KG \u2013 \u0130LK 15 G\u00dcN \u0130\u0130SHAL VE KAYIP YA\u015eAMAMAK \u0130STEYENLER \u0130\u00c7\u0130N ) Nukamel PROTEGO d\u00fcnyan\u0131n ilk buza\u011f\u0131 mamas\u0131 \u00fcreticisi Nukamel taraf\u0131ndan \u00fcretilmi\u015ftir. Nukamel Prot\u00e9Go, yeni do\u011fan buza\u011f\u0131n\u0131n sa\u011fl\u0131\u011f\u0131n\u0131 ve geli\u015fimini destekleyen eksiksiz bir konseptin par\u00e7as\u0131 olan bir \u00fcr\u00fcnd\u00fcr. Nukamel Prot\u00e9Go, y\u00fcksek kaliteli s\u00fct bile\u015fenlerine dayanmaktad\u0131r ve biyoaktif bile\u015fenler &hellip; <br \/><a href=\"http:\/\/www.dirilisyem.com\/index.php\/product\/dirilis-nukamel-protegobuzagi-mamasi-25-kg-ilk-15-gun\/\" class=\"more-link\">Devam\u0131n\u0131 oku <span class=\"screen-reader-text\">D\u0130R\u0130L\u0130\u015e Nukamel Protego(Buza\u011f\u0131 Mamas\u0131 25 kg Ilk 15 G\u00fcn )<\/span><\/a><\/p>\n","protected":false},"featured_media":9352,"comment_status":"open","ping_status":"closed","template":"","meta":[],"product_brand":[],"product_cat":[110,15],"product_tag":[],"class_list":{"0":"post-9283","1":"product","2":"type-product","3":"status-publish","4":"has-post-thumbnail","6":"product_cat-buzagi-urunleri","7":"product_cat-urunler","9":"first","10":"instock","11":"shipping-taxable","12":"purchasable","13":"product-type-simple"},"_links":{"self":[{"href":"http:\/\/www.dirilisyem.com\/index.php\/wp-json\/wp\/v2\/product\/9283","targetHints":{"allow":["GET"]}}],"collection":[{"href":"http:\/\/www.dirilisyem.com\/index.php\/wp-json\/wp\/v2\/product"}],"about":[{"href":"http:\/\/www.dirilisyem.com\/index.php\/wp-json\/wp\/v2\/types\/product"}],"replies":[{"embeddable":true,"href":"http:\/\/www.dirilisyem.com\/index.php\/wp-json\/wp\/v2\/comments?post=9283"}],"version-history":[{"count":1,"href":"http:\/\/www.dirilisyem.com\/index.php\/wp-json\/wp\/v2\/product\/9283\/revisions"}],"predecessor-version":[{"id":9285,"href":"http:\/\/www.dirilisyem.com\/index.php\/wp-json\/wp\/v2\/product\/9283\/revisions\/9285"}],"wp:featuredmedia":[{"embeddable":true,"href":"http:\/\/www.dirilisyem.com\/index.php\/wp-json\/wp\/v2\/media\/9352"}],"wp:attachment":[{"href":"http:\/\/www.dirilisyem.com\/index.php\/wp-json\/wp\/v2\/media?parent=9283"}],"wp:term":[{"taxonomy":"product_brand","embeddable":true,"href":"http:\/\/www.dirilisyem.com\/index.php\/wp-json\/wp\/v2\/product_brand?post=9283"},{"taxonomy":"product_cat","embeddable":true,"href":"http:\/\/www.dirilisyem.com\/index.php\/wp-json\/wp\/v2\/product_cat?post=9283"},{"taxonomy":"product_tag","embeddable":true,"href":"http:\/\/www.dirilisyem.com\/index.php\/wp-json\/wp\/v2\/product_tag?post=9283"}],"curies":[{"name":"wp","href":"https:\/\/api.w.org\/{rel}","templated":true}]}}