{"id":9286,"date":"2026-04-05T18:28:54","date_gmt":"2026-04-05T18:28:54","guid":{"rendered":"https:\/\/www.dirilisyem.com\/?post_type=product&#038;p=9286"},"modified":"2026-04-11T13:05:44","modified_gmt":"2026-04-11T13:05:44","slug":"dirilis-nukamel-yellowbuzagi-mamasi-25kg","status":"publish","type":"product","link":"http:\/\/www.dirilisyem.com\/index.php\/product\/dirilis-nukamel-yellowbuzagi-mamasi-25kg\/","title":{"rendered":"Dirili\u015f Nukamel Yellow(Buza\u011f\u0131 Mamas\u0131 25KG )"},"content":{"rendered":"<div class=\"woocommerce-tabs wc-tabs-wrapper\">\n<div id=\"tab-description\" class=\"woocommerce-Tabs-panel woocommerce-Tabs-panel--description panel entry-content wc-tab\" role=\"tabpanel\" aria-labelledby=\"tab-title-description\">\n<h3>Dirili\u015f Nukamel Yellow(Buza\u011f\u0131 Mamas\u0131 25KG )<\/h3>\n<p><strong>Nukamel Yellow d\u00fcnyan\u0131n ilk buza\u011f\u0131 mamas\u0131 \u00fcreticisi Nukamel taraf\u0131ndan \u00fcretilmi\u015ftir.<\/strong><\/p>\n<ul>\n<li>H\u0131zland\u0131r\u0131lm\u0131\u015f beslenmeye uygun, besin a\u00e7\u0131s\u0131ndan yo\u011fun bir s\u00fct ikamesidir. Peynir alt\u0131 suyu bazl\u0131, suda \u00e7\u00f6z\u00fcn\u00fcr bir s\u00fct ikamesidir. % 12,5 s\u00fct tozu i\u00e7erir.<\/li>\n<li>Peynir alt\u0131 suyu ve kazein proteinlerinin bir kombinasyonundan olu\u015fan y\u00fcksek protein i\u00e7eri\u011fi a\u015fa\u011f\u0131dakiler i\u00e7in m\u00fckemmeldir.<\/li>\n<li>Buza\u011f\u0131 b\u00fcy\u00fcmesini optimize etmek.<\/li>\n<li>Ayr\u0131ca Nukamel Yellow, protein kalitesi ve deste\u011fi sa\u011flayan do\u011fal s\u00fct imm\u00fcnoglobulinleri i\u00e7erir buza\u011f\u0131 .<\/li>\n<li>Nukamel Yellow, y\u00fcksek performansl\u0131 buza\u011f\u0131 yeti\u015ftiricili\u011fi i\u00e7in uygundur.<\/li>\n<\/ul>\n<p><strong>FARK YARATAN \u00d6ZELL\u0130KLER\u0130 :<\/strong><\/p>\n<ul>\n<li>Y\u00fcksek Besin Seviyeleri<\/li>\n<li>H\u0131zland\u0131r\u0131lm\u0131\u015f besleme<\/li>\n<li>\u00d6zenle Se\u00e7ilmi\u015f D\u00fc\u015f\u00fck Is\u0131l\u0131 S\u00fct \u00dcr\u00fcnleri<\/li>\n<li>Ya\u011fs\u0131z S\u00fct Tozu<\/li>\n<li>Harika Tat<\/li>\n<li>S\u00fct \u0130\u00e7erigi<\/li>\n<li>Yo\u011fun enerji<\/li>\n<li>Soguk Hava Ko\u015fullar\u0131nda M\u00fckemmel<\/li>\n<\/ul>\n<p><strong>S\u00dcT \u0130MM\u00dcNOGLOBUL\u0130NLER\u0130 A\u00c7ISINDAN ZENG\u0130N<\/strong><\/p>\n<ul>\n<li>Ba\u011f\u0131\u015f\u0131kl\u0131k savunmas\u0131nda ilk s\u0131rada!<\/li>\n<li>\u00a0IgG; patojenlere kar\u015f\u0131 ba\u011f\u0131rsak seviyesinde aktiftir<\/li>\n<li>D\u00fc\u015f\u00fck \u0131s\u0131l i\u015flem \u2013 daha az denat\u00fcrasyon-sindirilebilir proteinin daha iyi bulunabilirli\u011fi<\/li>\n<li>Kaynak: se\u00e7ilmi\u015f peynir alt\u0131 suyu proteini kaynaklar\u0131<\/li>\n<\/ul>\n<p><strong>NUKAMEL YELLOW \u0130\u00c7ER\u0130K<\/strong><\/p>\n<ul>\n<li>\u00a0Peynir alt\u0131 suyu tozu<\/li>\n<li>Bitkisel ya\u011flar (palm\/hindistan cevizi \u2013 60\/40)<\/li>\n<li>Peynir alt\u0131 suyu proteini konsantresi<\/li>\n<li>S\u00fct tozu (12.5%)<\/li>\n<li>Bu\u011fday proteini konsantresi(hidrolize edilmi\u015f)<\/li>\n<li>Premiks<\/li>\n<li>Protein % 24.0<\/li>\n<li>Ya\u011f % 20.0<\/li>\n<li>K\u00fcl % 7.5<\/li>\n<li>Lif % 0.02<\/li>\n<li>Nem % 4.0<\/li>\n<li>pH 5.8-6.3<\/li>\n<li>Laktoz % 40.0<\/li>\n<li>Immunoglobulins ppm 3000<\/li>\n<li>Butter oil ppm 2500<\/li>\n<li>Bacillus licheniformis CFU\/kg 0.65 x 109<\/li>\n<li>Bacillus subtilis CFU\/kg 0.65 x 109<\/li>\n<li>Enterococcus faecium CFU\/kg 2.50 x 109<\/li>\n<li>BHT ppm 30<\/li>\n<li>Vitaminler<\/li>\n<li>Vitamin A IU\/kg 25000<\/li>\n<li>Vitamin D IU\/kg 4500<\/li>\n<li>Vitamin E mg\/kg 300<\/li>\n<li>Vitamin C mg\/kg 300<\/li>\n<li>Vitamin B1 ppm 16<\/li>\n<li>Vitamin B2 ppm 10<\/li>\n<li>Vitamin B6 ppm 10<\/li>\n<li>Vitamin B12 ppb 80<\/li>\n<li>Vitamin K ppm 5.5<\/li>\n<li>Folik asit ppm 1.0<\/li>\n<li>Pantotenik asit ppm 23<\/li>\n<li>Niacine ppm 50<\/li>\n<\/ul>\n<p><strong>\u0130z elementler<\/strong><\/p>\n<ul>\n<li>Fe ppm 150<\/li>\n<li>Zn ppm 170<\/li>\n<li>Mn ppm 40<\/li>\n<li>Cu ppm 10<\/li>\n<li>I ppm 1.3<\/li>\n<li>Se ppm 0.4<\/li>\n<\/ul>\n<p><strong>HAZIRLANI\u015e VE BESLEME Kar\u0131\u015f\u0131m:<\/strong><\/p>\n<ul>\n<li>145 g Nukamel Yellow 1 Lt i\u00e7me Suyuna Kar\u0131\u015ft\u0131r\u0131l\u0131r. 1 Kg Nukamel Yellow 7 Lt i\u00e7me suyuna kar\u0131\u015ft\u0131r\u0131ld\u0131\u011f\u0131nda 8 Lt s\u00fct elde edersiniz. \u0130\u00e7me s\u0131cakl\u0131\u011f\u0131 39 \u02daC<\/li>\n<\/ul>\n<p><strong>Saklama Ko\u015fullar\u0131<\/strong><\/p>\n<ul>\n<li>S\u0131caktan ve direkt g\u00fcne\u015f \u0131\u015f\u0131g\u0131ndan uzak tutun .Nemli ya da herhangi bir su kayang\u0131na yak\u0131n depolamay\u0131n .Depolad\u0131\u011f\u0131n\u0131z yeri b\u00f6cek ve kemirgenlere kar\u015f\u0131 koruyun .Temiz yerde depoland\u0131\u011f\u0131ndan emin olun.<\/li>\n<\/ul>\n<\/div>\n<\/div>\n","protected":false},"excerpt":{"rendered":"<p>Dirili\u015f Nukamel Yellow(Buza\u011f\u0131 Mamas\u0131 25KG ) Nukamel Yellow d\u00fcnyan\u0131n ilk buza\u011f\u0131 mamas\u0131 \u00fcreticisi Nukamel taraf\u0131ndan \u00fcretilmi\u015ftir. H\u0131zland\u0131r\u0131lm\u0131\u015f beslenmeye uygun, besin a\u00e7\u0131s\u0131ndan yo\u011fun bir s\u00fct ikamesidir. Peynir alt\u0131 suyu bazl\u0131, suda \u00e7\u00f6z\u00fcn\u00fcr bir s\u00fct ikamesidir. % 12,5 s\u00fct tozu i\u00e7erir. Peynir alt\u0131 suyu ve kazein proteinlerinin bir kombinasyonundan olu\u015fan y\u00fcksek protein i\u00e7eri\u011fi a\u015fa\u011f\u0131dakiler i\u00e7in m\u00fckemmeldir. Buza\u011f\u0131 &hellip; <br \/><a href=\"http:\/\/www.dirilisyem.com\/index.php\/product\/dirilis-nukamel-yellowbuzagi-mamasi-25kg\/\" class=\"more-link\">Devam\u0131n\u0131 oku <span class=\"screen-reader-text\">Dirili\u015f Nukamel Yellow(Buza\u011f\u0131 Mamas\u0131 25KG )<\/span><\/a><\/p>\n","protected":false},"featured_media":9287,"comment_status":"open","ping_status":"closed","template":"","meta":[],"product_brand":[],"product_cat":[110,15],"product_tag":[],"class_list":{"0":"post-9286","1":"product","2":"type-product","3":"status-publish","4":"has-post-thumbnail","6":"product_cat-buzagi-urunleri","7":"product_cat-urunler","9":"first","10":"instock","11":"shipping-taxable","12":"purchasable","13":"product-type-simple"},"_links":{"self":[{"href":"http:\/\/www.dirilisyem.com\/index.php\/wp-json\/wp\/v2\/product\/9286","targetHints":{"allow":["GET"]}}],"collection":[{"href":"http:\/\/www.dirilisyem.com\/index.php\/wp-json\/wp\/v2\/product"}],"about":[{"href":"http:\/\/www.dirilisyem.com\/index.php\/wp-json\/wp\/v2\/types\/product"}],"replies":[{"embeddable":true,"href":"http:\/\/www.dirilisyem.com\/index.php\/wp-json\/wp\/v2\/comments?post=9286"}],"version-history":[{"count":1,"href":"http:\/\/www.dirilisyem.com\/index.php\/wp-json\/wp\/v2\/product\/9286\/revisions"}],"predecessor-version":[{"id":9288,"href":"http:\/\/www.dirilisyem.com\/index.php\/wp-json\/wp\/v2\/product\/9286\/revisions\/9288"}],"wp:featuredmedia":[{"embeddable":true,"href":"http:\/\/www.dirilisyem.com\/index.php\/wp-json\/wp\/v2\/media\/9287"}],"wp:attachment":[{"href":"http:\/\/www.dirilisyem.com\/index.php\/wp-json\/wp\/v2\/media?parent=9286"}],"wp:term":[{"taxonomy":"product_brand","embeddable":true,"href":"http:\/\/www.dirilisyem.com\/index.php\/wp-json\/wp\/v2\/product_brand?post=9286"},{"taxonomy":"product_cat","embeddable":true,"href":"http:\/\/www.dirilisyem.com\/index.php\/wp-json\/wp\/v2\/product_cat?post=9286"},{"taxonomy":"product_tag","embeddable":true,"href":"http:\/\/www.dirilisyem.com\/index.php\/wp-json\/wp\/v2\/product_tag?post=9286"}],"curies":[{"name":"wp","href":"https:\/\/api.w.org\/{rel}","templated":true}]}}