{"id":9289,"date":"2026-04-05T18:30:20","date_gmt":"2026-04-05T18:30:20","guid":{"rendered":"https:\/\/www.dirilisyem.com\/?post_type=product&#038;p=9289"},"modified":"2026-04-11T13:02:49","modified_gmt":"2026-04-11T13:02:49","slug":"dirilis-pro","status":"publish","type":"product","link":"http:\/\/www.dirilisyem.com\/index.php\/product\/dirilis-pro\/","title":{"rendered":"Dirili\u015f Pro"},"content":{"rendered":"<p><strong>NEDEN D\u0130R\u0130L\u0130\u015e PRO Kullanmal\u0131y\u0131m ?\u00a0<\/strong><\/p>\n<ul>\n<li>Gaz olu\u015fumunu engeller.<\/li>\n<li>\u0130\u00e7inde bulunan Probiyotikler sayesinde hayvanlardaki stresin olu\u015fturdu\u011fu olumsuz etkileri ortadan kald\u0131r\u0131r ve normal anaerobik floran\u0131n geli\u015fimini artt\u0131r\u0131r.<\/li>\n<li>Yem de\u011fi\u015fikli\u011finden ve tah\u0131l \u00fcr\u00fcnlerinin (arpa, m\u0131s\u0131r vb.) fazla verilmesinden kaynaklanan ayak problemlerini en aza indirir.<\/li>\n<li>Hayvanlar\u0131n yat\u0131\u015f s\u00fcrelerini artt\u0131r\u0131r.<\/li>\n<li>Hayvanlar\u0131n gevi\u015f say\u0131lar\u0131n\u0131 art\u0131rarak i\u015ftahlar\u0131n\u0131 a\u00e7mas\u0131na yard\u0131mc\u0131 olur.<\/li>\n<li>Verim artt\u0131r\u0131c\u0131 ve ba\u011f\u0131\u015f\u0131kl\u0131k sistemini g\u00fc\u00e7lendirici etkiye sahiptir.<\/li>\n<li>Yemden yararlanmay\u0131 ve hayvanlar\u0131n refah\u0131n\u0131 artt\u0131r\u0131r.<\/li>\n<\/ul>\n<p><strong>KULLANIM \u015eEKL\u0130\u00a0<\/strong><\/p>\n<ul>\n<li>1 ton yeme 4 kg,<\/li>\n<li>1 torba yeme 200 gr,<\/li>\n<li>B\u00fcy\u00fckba\u015f hayvanlar i\u00e7in :\u00a0\u00a010-15 gr\/g\u00fcn<\/li>\n<li>K\u00fc\u00e7\u00fckba\u015f hayvanlar i\u00e7in\u00a0 :\u00a05 gr\/ g\u00fcn verilmesi uygundur.<\/li>\n<\/ul>\n","protected":false},"excerpt":{"rendered":"<p>NEDEN D\u0130R\u0130L\u0130\u015e PRO Kullanmal\u0131y\u0131m ?\u00a0 Gaz olu\u015fumunu engeller. \u0130\u00e7inde bulunan Probiyotikler sayesinde hayvanlardaki stresin olu\u015fturdu\u011fu olumsuz etkileri ortadan kald\u0131r\u0131r ve normal anaerobik floran\u0131n geli\u015fimini artt\u0131r\u0131r. Yem de\u011fi\u015fikli\u011finden ve tah\u0131l \u00fcr\u00fcnlerinin (arpa, m\u0131s\u0131r vb.) fazla verilmesinden kaynaklanan ayak problemlerini en aza indirir. Hayvanlar\u0131n yat\u0131\u015f s\u00fcrelerini artt\u0131r\u0131r. Hayvanlar\u0131n gevi\u015f say\u0131lar\u0131n\u0131 art\u0131rarak i\u015ftahlar\u0131n\u0131 a\u00e7mas\u0131na yard\u0131mc\u0131 olur. Verim artt\u0131r\u0131c\u0131 &hellip; <br \/><a href=\"http:\/\/www.dirilisyem.com\/index.php\/product\/dirilis-pro\/\" class=\"more-link\">Devam\u0131n\u0131 oku <span class=\"screen-reader-text\">Dirili\u015f Pro<\/span><\/a><\/p>\n","protected":false},"featured_media":9350,"comment_status":"open","ping_status":"closed","template":"","meta":[],"product_brand":[],"product_cat":[106,105,15],"product_tag":[],"class_list":{"0":"post-9289","1":"product","2":"type-product","3":"status-publish","4":"has-post-thumbnail","6":"product_cat-besi-premixleri","7":"product_cat-sut-premixleri","8":"product_cat-urunler","10":"first","11":"instock","12":"shipping-taxable","13":"purchasable","14":"product-type-simple"},"_links":{"self":[{"href":"http:\/\/www.dirilisyem.com\/index.php\/wp-json\/wp\/v2\/product\/9289","targetHints":{"allow":["GET"]}}],"collection":[{"href":"http:\/\/www.dirilisyem.com\/index.php\/wp-json\/wp\/v2\/product"}],"about":[{"href":"http:\/\/www.dirilisyem.com\/index.php\/wp-json\/wp\/v2\/types\/product"}],"replies":[{"embeddable":true,"href":"http:\/\/www.dirilisyem.com\/index.php\/wp-json\/wp\/v2\/comments?post=9289"}],"version-history":[{"count":1,"href":"http:\/\/www.dirilisyem.com\/index.php\/wp-json\/wp\/v2\/product\/9289\/revisions"}],"predecessor-version":[{"id":9291,"href":"http:\/\/www.dirilisyem.com\/index.php\/wp-json\/wp\/v2\/product\/9289\/revisions\/9291"}],"wp:featuredmedia":[{"embeddable":true,"href":"http:\/\/www.dirilisyem.com\/index.php\/wp-json\/wp\/v2\/media\/9350"}],"wp:attachment":[{"href":"http:\/\/www.dirilisyem.com\/index.php\/wp-json\/wp\/v2\/media?parent=9289"}],"wp:term":[{"taxonomy":"product_brand","embeddable":true,"href":"http:\/\/www.dirilisyem.com\/index.php\/wp-json\/wp\/v2\/product_brand?post=9289"},{"taxonomy":"product_cat","embeddable":true,"href":"http:\/\/www.dirilisyem.com\/index.php\/wp-json\/wp\/v2\/product_cat?post=9289"},{"taxonomy":"product_tag","embeddable":true,"href":"http:\/\/www.dirilisyem.com\/index.php\/wp-json\/wp\/v2\/product_tag?post=9289"}],"curies":[{"name":"wp","href":"https:\/\/api.w.org\/{rel}","templated":true}]}}